{"id":2,"date":"2023-04-05T14:05:22","date_gmt":"2023-04-05T14:05:22","guid":{"rendered":"http:\/\/www.brx-solutions.net\/wp\/?page_id=2"},"modified":"2025-03-12T15:51:54","modified_gmt":"2025-03-12T15:51:54","slug":"pagina-ejemplo","status":"publish","type":"page","link":"http:\/\/www.brx-solutions.net\/wp\/?page_id=2","title":{"rendered":"SERVICIOS"},"content":{"rendered":"\n<p class=\"has-black-color has-text-color has-link-color has-large-font-size wp-elements-997cf7692ac81f4e8e232a29485d2d5c\"><strong>Nuestros Servicios:<\/strong><\/p>\n\n\n\n<div style=\"height:40px\" aria-hidden=\"true\" class=\"wp-block-spacer\"><\/div>\n\n\n\n<p class=\"has-black-color has-text-color has-link-color wp-elements-c4d1957179cd829370042fa2ed8ba8f9\"><strong>Dise\u00f1o de P\u00e1ginas Web:<\/strong> Nos especializamos en el dise\u00f1o de p\u00e1ginas web atractivas y funcionales, optimizadas para ofrecer la mejor experiencia de usuario y mejorar la presencia en l\u00ednea de tu empresa.<\/p>\n\n\n\n<p class=\"has-black-color has-text-color has-link-color wp-elements-e3d4ebe4b065a38d44246bb00ebec22c\"><strong>Servidores y Servicios en la Nube:<\/strong> Proporcionamos soluciones en la nube que garantizan la disponibilidad, seguridad y escalabilidad de tus datos y aplicaciones. Nuestra infraestructura en la nube est\u00e1 dise\u00f1ada para adaptarse a las necesidades cambiantes de tu negocio.<\/p>\n\n\n\n<p class=\"has-black-color has-text-color has-link-color wp-elements-f2b2bfb3d7980945df7a543f34ac8ac1\"><strong>Correo Electr\u00f3nico Corporativo:<\/strong> Implementamos y gestionamos servicios de correo electr\u00f3nico corporativo que mejoran la comunicaci\u00f3n interna y externa de tu empresa, garantizando seguridad y fiabilidad.<\/p>\n\n\n\n<p class=\"has-black-color has-text-color has-link-color wp-elements-717dc2435d3bae8d1b489664091f604d\"><strong>Desarrollo de Aplicaciones:<\/strong> Creamos aplicaciones a medida que se ajustan a tus necesidades espec\u00edficas, utilizando las tecnolog\u00edas m\u00e1s avanzadas para ofrecerte soluciones innovadoras y eficientes.<\/p>\n\n\n\n<p class=\"has-black-color has-text-color has-link-color wp-elements-fa70caddc6df3a402153f46b93084dbb\"><strong>Desarrollo de Portales:<\/strong> Dise\u00f1amos y desarrollamos portales web que facilitan la gesti\u00f3n de la informaci\u00f3n y mejoran la interacci\u00f3n con tus clientes y empleados.<\/p>\n\n\n\n<p><\/p>\n","protected":false},"excerpt":{"rendered":"<p>Nuestros Servicios: Dise\u00f1o de P\u00e1ginas Web: Nos especializamos en el dise\u00f1o de p\u00e1ginas web atractivas y funcionales, optimizadas para ofrecer la mejor experiencia de usuario y mejorar la presencia en l\u00ednea de tu empresa. Servidores y Servicios en la Nube: Proporcionamos soluciones en la nube que garantizan la disponibilidad, seguridad y escalabilidad de tus datos&hellip; <br \/> <a class=\"read-more\" href=\"http:\/\/www.brx-solutions.net\/wp\/?page_id=2\">Leer m\u00e1s<\/a><\/p>\n","protected":false},"author":1,"featured_media":0,"parent":0,"menu_order":0,"comment_status":"closed","ping_status":"open","template":"","meta":{"footnotes":""},"class_list":["post-2","page","type-page","status-publish","hentry"],"_links":{"self":[{"href":"http:\/\/www.brx-solutions.net\/wp\/index.php?rest_route=\/wp\/v2\/pages\/2","targetHints":{"allow":["GET"]}}],"collection":[{"href":"http:\/\/www.brx-solutions.net\/wp\/index.php?rest_route=\/wp\/v2\/pages"}],"about":[{"href":"http:\/\/www.brx-solutions.net\/wp\/index.php?rest_route=\/wp\/v2\/types\/page"}],"author":[{"embeddable":true,"href":"http:\/\/www.brx-solutions.net\/wp\/index.php?rest_route=\/wp\/v2\/users\/1"}],"replies":[{"embeddable":true,"href":"http:\/\/www.brx-solutions.net\/wp\/index.php?rest_route=%2Fwp%2Fv2%2Fcomments&post=2"}],"version-history":[{"count":21,"href":"http:\/\/www.brx-solutions.net\/wp\/index.php?rest_route=\/wp\/v2\/pages\/2\/revisions"}],"predecessor-version":[{"id":137,"href":"http:\/\/www.brx-solutions.net\/wp\/index.php?rest_route=\/wp\/v2\/pages\/2\/revisions\/137"}],"wp:attachment":[{"href":"http:\/\/www.brx-solutions.net\/wp\/index.php?rest_route=%2Fwp%2Fv2%2Fmedia&parent=2"}],"curies":[{"name":"wp","href":"https:\/\/api.w.org\/{rel}","templated":true}]}}