{"id":36,"date":"2023-05-30T21:49:19","date_gmt":"2023-05-30T21:49:19","guid":{"rendered":"http:\/\/www.brx-solutions.net\/wp\/?page_id=36"},"modified":"2025-03-12T15:53:40","modified_gmt":"2025-03-12T15:53:40","slug":"productos","status":"publish","type":"page","link":"http:\/\/www.brx-solutions.net\/wp\/?page_id=36","title":{"rendered":"PRODUCTOS"},"content":{"rendered":"\n<p class=\"has-black-color has-text-color has-link-color has-large-font-size wp-elements-4f6b82189d819416932a61bb3fa22ff9\"><strong>Nuestros Productos:<\/strong><\/p>\n\n\n\n<div style=\"height:40px\" aria-hidden=\"true\" class=\"wp-block-spacer\"><\/div>\n\n\n\n<p class=\"has-black-color has-text-color has-link-color wp-elements-0b8d1dbfc63d42d61d068ccab422edb3\"><strong>Venta de Consumibles de TI:<\/strong> Disponemos de un surtido de consumibles de TI esenciales, incluyendo cartuchos de impresora, cables, y m\u00e1s, para mantener tu operaci\u00f3n en marcha sin interrupciones.<\/p>\n\n\n\n<p class=\"has-black-color has-text-color has-link-color wp-elements-d419a795b6d14c0df01a55ca0e064437\"><strong>Venta de Servidores:<\/strong> Ofrecemos una amplia gama de servidores de alta calidad, adecuados para diversas necesidades empresariales, asegurando un rendimiento y fiabilidad \u00f3ptimos.<\/p>\n\n\n\n<p class=\"has-black-color has-text-color has-link-color wp-elements-46978076d877bd5716faf726df373498\"><strong>Venta de Equipo de C\u00f3mputo:<\/strong> Contamos con una selecci\u00f3n de equipos de c\u00f3mputo de \u00faltima generaci\u00f3n, dise\u00f1ados para mejorar la productividad y eficiencia en tu lugar de trabajo.<\/p>\n\n\n\n<p><\/p>\n\n\n\n<p><\/p>\n","protected":false},"excerpt":{"rendered":"<p>Nuestros Productos: Venta de Consumibles de TI: Disponemos de un surtido de consumibles de TI esenciales, incluyendo cartuchos de impresora, cables, y m\u00e1s, para mantener tu operaci\u00f3n en marcha sin interrupciones. Venta de Servidores: Ofrecemos una amplia gama de servidores de alta calidad, adecuados para diversas necesidades empresariales, asegurando un rendimiento y fiabilidad \u00f3ptimos. Venta&hellip; <br \/> <a class=\"read-more\" href=\"http:\/\/www.brx-solutions.net\/wp\/?page_id=36\">Leer m\u00e1s<\/a><\/p>\n","protected":false},"author":1,"featured_media":0,"parent":0,"menu_order":0,"comment_status":"closed","ping_status":"closed","template":"","meta":{"footnotes":""},"class_list":["post-36","page","type-page","status-publish","hentry"],"_links":{"self":[{"href":"http:\/\/www.brx-solutions.net\/wp\/index.php?rest_route=\/wp\/v2\/pages\/36","targetHints":{"allow":["GET"]}}],"collection":[{"href":"http:\/\/www.brx-solutions.net\/wp\/index.php?rest_route=\/wp\/v2\/pages"}],"about":[{"href":"http:\/\/www.brx-solutions.net\/wp\/index.php?rest_route=\/wp\/v2\/types\/page"}],"author":[{"embeddable":true,"href":"http:\/\/www.brx-solutions.net\/wp\/index.php?rest_route=\/wp\/v2\/users\/1"}],"replies":[{"embeddable":true,"href":"http:\/\/www.brx-solutions.net\/wp\/index.php?rest_route=%2Fwp%2Fv2%2Fcomments&post=36"}],"version-history":[{"count":7,"href":"http:\/\/www.brx-solutions.net\/wp\/index.php?rest_route=\/wp\/v2\/pages\/36\/revisions"}],"predecessor-version":[{"id":139,"href":"http:\/\/www.brx-solutions.net\/wp\/index.php?rest_route=\/wp\/v2\/pages\/36\/revisions\/139"}],"wp:attachment":[{"href":"http:\/\/www.brx-solutions.net\/wp\/index.php?rest_route=%2Fwp%2Fv2%2Fmedia&parent=36"}],"curies":[{"name":"wp","href":"https:\/\/api.w.org\/{rel}","templated":true}]}}